{"id":56,"date":"2021-11-17T10:30:00","date_gmt":"2021-11-17T09:30:00","guid":{"rendered":"http:\/\/biocompass.fr\/?page_id=56"},"modified":"2022-10-07T20:06:06","modified_gmt":"2022-10-07T18:06:06","slug":"le-nouveau-e-mucem-ouvre-ses-portes-2","status":"publish","type":"page","link":"https:\/\/biocompass.fr\/","title":{"rendered":"BIO COMPASS"},"content":{"rendered":"\n<div class=\"wp-block-group alignwide\"><div class=\"wp-block-group__inner-container\">\n<h5 class=\"has-text-align-center has-text-color\" style=\"color:#797878\"><strong>Consulting in Business Development &amp; Licensing <\/strong><\/h5>\n\n\n\n<p><\/p>\n<\/div><\/div>\n\n\n\n<div class=\"wp-block-columns alignwide\">\n<div class=\"wp-block-column\">\n<div class=\"wp-block-group\"><div class=\"wp-block-group__inner-container\">\n<div class=\"wp-block-cover alignfull has-background-dim-80 has-background-dim has-parallax\" style=\"background-image:url(http:\/\/biocompass.fr\/wp-content\/themes\/twentytwenty\/assets\/images\/2020-three-quarters-1.png);background-color:#337a99\"><div class=\"wp-block-cover__inner-container\">\n<p class=\"has-text-align-center has-large-font-size\"><strong>Services<\/strong> :<\/p>\n\n\n\n<p class=\"has-text-align-center has-background-color has-text-color\">Technology Transfer <\/p>\n\n\n\n<p class=\"has-text-align-center\">Business Development<\/p>\n\n\n\n<p class=\"has-text-align-center\">Deal Valuation<\/p>\n\n\n\n<p class=\"has-text-align-center\">Licensing<\/p>\n\n\n\n<p class=\"has-text-align-center\">Negotiation<\/p>\n<\/div><\/div>\n\n\n\n<p><\/p>\n<\/div><\/div>\n\n\n\n<div class=\"wp-block-group\"><div class=\"wp-block-group__inner-container\">\n<div class=\"wp-block-cover alignfull has-background-dim-80 has-background-dim has-parallax\" style=\"background-image:url(http:\/\/biocompass.fr\/wp-content\/themes\/twentytwenty\/assets\/images\/2020-three-quarters-3.png);background-color:#2680a6\"><div class=\"wp-block-cover__inner-container\">\n<p class=\"has-text-align-center has-background-color has-text-color has-large-font-size\"><strong>Fields<\/strong> :<\/p>\n\n\n\n<p class=\"has-text-align-center has-background-color has-text-color\">Diagnostics<\/p>\n\n\n\n<p class=\"has-text-align-center\">Medical Devices<\/p>\n\n\n\n<p class=\"has-text-align-center has-background-color has-text-color\">Therapeutics<\/p>\n\n\n\n<p class=\"has-text-align-center has-background-color has-text-color\">Vaccines<\/p>\n<\/div><\/div>\n\n\n\n<p><\/p>\n<\/div><\/div>\n<\/div>\n\n\n\n<div class=\"wp-block-column\">\n<div class=\"wp-block-group\"><div class=\"wp-block-group__inner-container\">\n<div class=\"wp-block-cover alignfull has-background-dim-80 has-background-dim has-parallax\" style=\"background-image:url(http:\/\/biocompass.fr\/wp-content\/themes\/twentytwenty\/assets\/images\/2020-three-quarters-2.png);background-color:#2c80a4\"><div class=\"wp-block-cover__inner-container\">\n<p class=\"has-text-align-center has-large-font-size\"><strong>Customers<\/strong> :<\/p>\n\n\n\n<p class=\"has-text-align-center\">Technology Transfer Offices<\/p>\n\n\n\n<p class=\"has-text-align-center\">Start-up &amp; Biotech companies<\/p>\n\n\n\n<p class=\"has-text-align-center\">Industry<\/p>\n\n\n\n<p><\/p>\n\n\n\n<p><\/p>\n<\/div><\/div>\n\n\n\n<p><\/p>\n<\/div><\/div>\n\n\n\n<div class=\"wp-block-group\"><div class=\"wp-block-group__inner-container\">\n<div class=\"wp-block-cover alignfull has-background-dim-80 has-background-dim has-parallax\" style=\"background-image:url(http:\/\/biocompass.fr\/wp-content\/themes\/twentytwenty\/assets\/images\/2020-three-quarters-4.png);background-color:#2d8bb3\"><div class=\"wp-block-cover__inner-container\">\n<p class=\"has-text-align-center has-large-font-size\"><strong>Experience of Licensing negotiations with<\/strong> :<\/p>\n\n\n\n<p class=\"has-text-align-center\">Bio-Rad, Cellectis, Genticel, GSK, Novartis, Pfizer,                Roche, Sanofi, Sanofi Pasteur, Servier &#8230;<\/p>\n<\/div><\/div>\n\n\n\n<p><\/p>\n<\/div><\/div>\n\n\n\n<p><\/p>\n<\/div>\n<\/div>\n\n\n\n<h2>Customer testimonial<\/h2>\n\n\n\n<p><br>&#8220;Les offices de Tech Transfer ont parfois besoin de compl\u00e9ter leurs comp\u00e9tences par l&#8217;intervention ponctuelle d&#8217;experts.<br>C&#8217;est le cas en particulier \u00e0 l&#8217;Universit\u00e9 du Luxembourg o\u00f9 le d\u00e9veloppement d&#8217;une \u00e9quipe de partenariats et de transfert de technologie s&#8217;accompagne de sollicitations de consultants de haut niveau.<br>Avec Bio Compass nous avons trouv\u00e9 un support parfaitement adapt\u00e9 \u00e0 notre besoin de qualification de march\u00e9s et d&#8217;identification de partenaires, et nos attentes en termes d&#8217;\u00e9valuation \u00e9conomique et d&#8217;aide \u00e0 la n\u00e9gociation des licences&#8221;<br><br>\u201cTechnology transfer offices occasionally need to supplement their skillset by requesting external expert advice.<br>For example, at the University of Luxembourg, the growing \u201cPartnering and Technology Transfer\u201d team is supported by the intervention of highly skilled consultants.<br>In Bio Compass we have found the perfect reinforcement for market studies and partner identification activities. Bio Compass also meets our needs in terms of economical evaluation and license negotiation assistance\u201d<br><br>Dr C. HAUNOLD&nbsp;<br>Head, PaKTT Office<br>Universit\u00e9 du Luxembourg<\/p>\n\n\n\n<p><\/p>\n\n\n\n<p><\/p>\n","protected":false},"excerpt":{"rendered":"<p>Consulting in Business Development &amp; Licensing Customer testimonial &#8220;Les offices de Tech Transfer ont parfois besoin de compl\u00e9ter leurs comp\u00e9tences par l&#8217;intervention ponctuelle d&#8217;experts.C&#8217;est le cas en particulier \u00e0 l&#8217;Universit\u00e9 du Luxembourg o\u00f9 le d\u00e9veloppement d&#8217;une \u00e9quipe de partenariats et de transfert de technologie s&#8217;accompagne de sollicitations de consultants de haut niveau.Avec Bio Compass nous [&hellip;]<\/p>\n","protected":false},"author":1,"featured_media":85,"parent":0,"menu_order":0,"comment_status":"closed","ping_status":"closed","template":"","meta":[],"_links":{"self":[{"href":"https:\/\/biocompass.fr\/index.php\/wp-json\/wp\/v2\/pages\/56"}],"collection":[{"href":"https:\/\/biocompass.fr\/index.php\/wp-json\/wp\/v2\/pages"}],"about":[{"href":"https:\/\/biocompass.fr\/index.php\/wp-json\/wp\/v2\/types\/page"}],"author":[{"embeddable":true,"href":"https:\/\/biocompass.fr\/index.php\/wp-json\/wp\/v2\/users\/1"}],"replies":[{"embeddable":true,"href":"https:\/\/biocompass.fr\/index.php\/wp-json\/wp\/v2\/comments?post=56"}],"version-history":[{"count":22,"href":"https:\/\/biocompass.fr\/index.php\/wp-json\/wp\/v2\/pages\/56\/revisions"}],"predecessor-version":[{"id":148,"href":"https:\/\/biocompass.fr\/index.php\/wp-json\/wp\/v2\/pages\/56\/revisions\/148"}],"wp:featuredmedia":[{"embeddable":true,"href":"https:\/\/biocompass.fr\/index.php\/wp-json\/wp\/v2\/media\/85"}],"wp:attachment":[{"href":"https:\/\/biocompass.fr\/index.php\/wp-json\/wp\/v2\/media?parent=56"}],"curies":[{"name":"wp","href":"https:\/\/api.w.org\/{rel}","templated":true}]}}